{"id":924,"date":"2017-02-08T17:25:34","date_gmt":"2017-02-08T14:25:34","guid":{"rendered":"http:\/\/localhost\/newhome\/?page_id=924"},"modified":"2022-09-15T15:44:56","modified_gmt":"2022-09-15T12:44:56","slug":"tapu-title-deed","status":"publish","type":"page","link":"https:\/\/firstalanya.ru\/de\/services\/tapu-title-deed\/","title":{"rendered":"Tapu (Eigentumsurkunde)"},"content":{"rendered":"<p>[vc_row][vc_column width=&#8221;1\/3&#8243;][vc_single_image image=&#8221;3428&#8243; img_size=&#8221;medium&#8221; onclick=&#8221;link_image&#8221;][\/vc_column][vc_column width=&#8221;2\/3&#8243;]<div class=\"mh-heading-wrapper--left \">\r\n\t\r\n        <div class=\"mh-heading-wrapper\">\r\n            <h4            class=\"mh-heading  mh-heading--bottom-separator   \"\r\n            style=\"font-weight:700;\">\r\n\t\t\tTapu (Eigentumsurkunde)        <\/h4>\r\n\r\n\t\t    <\/div>\r\n\r\n\t<\/div>[vc_column_text]Das Dokument, das den Besitz von Immobilien in der T\u00fcrkei best\u00e4tigt, hei\u00dft Tapu.<br \/>\nDiese Bescheinigung wird vom Katasteramt der Stadt ausgestellt. Die Tatsache des Eigentums an Immobilien durch eine nat\u00fcrliche oder juristische Person wird in das Grundbuch eingetragen.<br \/>\nTapu enth\u00e4lt die folgenden Informationen:<br \/>\nAdresse und Nummer des Grundst\u00fccks, auf dem sich die Immobilie befindet<br \/>\nFoto des Besitzers<br \/>\nBesitzerinformation<br \/>\nKaufdatum vom Eigent\u00fcmer<br \/>\nInformationen zur Registrierung eines Grundst\u00fccks im Katasteramt<br \/>\nArt der Immobilie (Grundst\u00fcck, Geb\u00e4ude etc.)<br \/>\nImmobilienstatus (separates Objekt, Objektteil, Mitbenutzung)<br \/>\nSeriennummer und Registrierungsdaten TAPU<br \/>\nGrundst\u00fccksfl\u00e4che (proportional zur Gr\u00f6\u00dfe der erworbenen Wohnung)<br \/>\nWert der gekauften Immobilie<br \/>\ndie Unterschrift der bevollm\u00e4chtigten Person und das Siegel der Katasterabteilung usw.<br \/>\nPasst auf:<br \/>\nBlue Tapu wird f\u00fcr unbewegliches Eigentum ausgestellt, das Land, Felder, G\u00e4rten und andere unbebaute Gebiete darstellt.<br \/>\nRosa Tapu wird f\u00fcr Immobilien ausgestellt, die ein Wohn-, Gewerbeobjekt oder eine andere Art von Bau sind.[\/vc_column_text][\/vc_column][\/vc_row][vc_row][vc_column][vc_column_text]Beim Kauf einer Wohnung oder Villa in der T\u00fcrkei muss der K\u00e4ufer nur einen ausl\u00e4ndischen Pass haben, um Dokumente f\u00fcr die Erlangung einer Eigentumsbescheinigung f\u00fcr Immobilien (in der T\u00fcrkei hei\u00dft dieses Dokument TAPU) zu erstellen. der Pass. Alle anderen Dokumente werden vor Ort in der T\u00fcrkei bearbeitet.[\/vc_column_text][\/vc_column][\/vc_row]<\/p>","protected":false},"excerpt":{"rendered":"<p>[vc_row][vc_column width=&#8221;1\/3&#8243;][vc_single_image image=&#8221;3428&#8243; img_size=&#8221;medium&#8221; onclick=&#8221;link_image&#8221;][\/vc_column][vc_column width=&#8221;2\/3&#8243;][vc_column_text]Das Dokument, das den Besitz von Immobilien in der T\u00fcrkei best\u00e4tigt, hei\u00dft Tapu. Diese Bescheinigung wird vom Katasteramt der Stadt ausgestellt. Die Tatsache des Eigentums an Immobilien durch eine nat\u00fcrliche oder juristische Person wird in das Grundbuch eingetragen. Tapu enth\u00e4lt die folgenden Informationen: Adresse und Nummer des Grundst\u00fccks, auf dem [&hellip;]<\/p>\n","protected":false},"author":1,"featured_media":3428,"parent":2676,"menu_order":0,"comment_status":"closed","ping_status":"closed","template":"page_right-sidebar-with-top-title.php","meta":[],"_links":{"self":[{"href":"https:\/\/firstalanya.ru\/de\/wp-json\/wp\/v2\/pages\/924"}],"collection":[{"href":"https:\/\/firstalanya.ru\/de\/wp-json\/wp\/v2\/pages"}],"about":[{"href":"https:\/\/firstalanya.ru\/de\/wp-json\/wp\/v2\/types\/page"}],"author":[{"embeddable":true,"href":"https:\/\/firstalanya.ru\/de\/wp-json\/wp\/v2\/users\/1"}],"replies":[{"embeddable":true,"href":"https:\/\/firstalanya.ru\/de\/wp-json\/wp\/v2\/comments?post=924"}],"version-history":[{"count":4,"href":"https:\/\/firstalanya.ru\/de\/wp-json\/wp\/v2\/pages\/924\/revisions"}],"predecessor-version":[{"id":15105,"href":"https:\/\/firstalanya.ru\/de\/wp-json\/wp\/v2\/pages\/924\/revisions\/15105"}],"up":[{"embeddable":true,"href":"https:\/\/firstalanya.ru\/de\/wp-json\/wp\/v2\/pages\/2676"}],"wp:featuredmedia":[{"embeddable":true,"href":"https:\/\/firstalanya.ru\/de\/wp-json\/wp\/v2\/media\/3428"}],"wp:attachment":[{"href":"https:\/\/firstalanya.ru\/de\/wp-json\/wp\/v2\/media?parent=924"}],"curies":[{"name":"wp","href":"https:\/\/api.w.org\/{rel}","templated":true}]}}