{"id":2732,"date":"2018-06-16T17:33:04","date_gmt":"2018-06-16T14:33:04","guid":{"rendered":"https:\/\/myhometheme.net\/market\/?page_id=2732"},"modified":"2022-09-15T15:47:42","modified_gmt":"2022-09-15T12:47:42","slug":"after-you-bought-your-home-in-turkey","status":"publish","type":"page","link":"https:\/\/firstalanya.ru\/de\/services\/after-you-bought-your-home-in-turkey\/","title":{"rendered":"Nach dem Kauf Ihres Hauses in der T\u00fcrkei"},"content":{"rendered":"<p>[vc_row][vc_column width=&#8221;1\/3&#8243;][vc_single_image image=&#8221;3340&#8243; img_size=&#8221;large&#8221; onclick=&#8221;link_image&#8221;][\/vc_column][vc_column width=&#8221;2\/3&#8243;][vc_column_text]Die Wahl eines kompetenten Verwalters Ihrer Immobilie in der T\u00fcrkei ist ein wichtiger Faktor, der den weiteren Zustand Ihres Hauses \/ Ihrer Wohnung beeinflusst.<br \/>\nJeder Immobilieneigent\u00fcmer erwartet vom Verwalter ein hohes Ma\u00df an Verantwortung, Rechenschaftspflicht und Kenntnis des Gesch\u00e4fts.[\/vc_column_text][\/vc_column][\/vc_row][vc_row][vc_column][vc_column_text]Unser Team bietet seinen Kunden eine individuelle Wohnungsverwaltung und ber\u00e4t Sie \u00fcber eine Reihe professioneller Unternehmen, die direkt an der Verwaltung privater Villen und Wohnanlagen beteiligt sind.<br \/>\nUnser Administrationspaket beinhaltet:<br \/>\nmonatliche \u00dcberwachung des Zustands Ihrer Immobilie<br \/>\nZahlung laufender Zahlungen f\u00fcr Strom, Wasser, Telefon, Nebenkosten<br \/>\nZahlung der j\u00e4hrlichen Grundsteuer<br \/>\nTransferorganisation<br \/>\nOrganisation der Reinigung Ihrer Immobilie<br \/>\nUnterst\u00fctzung bei Arbeiten im Zusammenhang mit Reparaturen, Fehlersuche usw.<br \/>\nMiete Ihrer Immobilie<br \/>\nDie Immobilienverwaltung basiert in erster Linie auf Vertrauen.[\/vc_column_text][\/vc_column][\/vc_row]<\/p>","protected":false},"excerpt":{"rendered":"<p>[vc_row][vc_column width=&#8221;1\/3&#8243;][vc_single_image image=&#8221;3340&#8243; img_size=&#8221;large&#8221; onclick=&#8221;link_image&#8221;][\/vc_column][vc_column width=&#8221;2\/3&#8243;][vc_column_text]Die Wahl eines kompetenten Verwalters Ihrer Immobilie in der T\u00fcrkei ist ein wichtiger Faktor, der den weiteren Zustand Ihres Hauses \/ Ihrer Wohnung beeinflusst. Jeder Immobilieneigent\u00fcmer erwartet vom Verwalter ein hohes Ma\u00df an Verantwortung, Rechenschaftspflicht und Kenntnis des Gesch\u00e4fts.[\/vc_column_text][\/vc_column][\/vc_row][vc_row][vc_column][vc_column_text]Unser Team bietet seinen Kunden eine individuelle Wohnungsverwaltung und ber\u00e4t Sie \u00fcber [&hellip;]<\/p>\n","protected":false},"author":1,"featured_media":0,"parent":2676,"menu_order":0,"comment_status":"closed","ping_status":"closed","template":"page_right-sidebar-with-top-title.php","meta":[],"_links":{"self":[{"href":"https:\/\/firstalanya.ru\/de\/wp-json\/wp\/v2\/pages\/2732"}],"collection":[{"href":"https:\/\/firstalanya.ru\/de\/wp-json\/wp\/v2\/pages"}],"about":[{"href":"https:\/\/firstalanya.ru\/de\/wp-json\/wp\/v2\/types\/page"}],"author":[{"embeddable":true,"href":"https:\/\/firstalanya.ru\/de\/wp-json\/wp\/v2\/users\/1"}],"replies":[{"embeddable":true,"href":"https:\/\/firstalanya.ru\/de\/wp-json\/wp\/v2\/comments?post=2732"}],"version-history":[{"count":4,"href":"https:\/\/firstalanya.ru\/de\/wp-json\/wp\/v2\/pages\/2732\/revisions"}],"predecessor-version":[{"id":15107,"href":"https:\/\/firstalanya.ru\/de\/wp-json\/wp\/v2\/pages\/2732\/revisions\/15107"}],"up":[{"embeddable":true,"href":"https:\/\/firstalanya.ru\/de\/wp-json\/wp\/v2\/pages\/2676"}],"wp:attachment":[{"href":"https:\/\/firstalanya.ru\/de\/wp-json\/wp\/v2\/media?parent=2732"}],"curies":[{"name":"wp","href":"https:\/\/api.w.org\/{rel}","templated":true}]}}