{"id":2676,"date":"2017-12-05T15:03:54","date_gmt":"2017-12-05T15:03:54","guid":{"rendered":"https:\/\/myhometheme.net\/default\/?page_id=2676"},"modified":"2022-09-15T15:50:45","modified_gmt":"2022-09-15T12:50:45","slug":"services","status":"publish","type":"page","link":"https:\/\/firstalanya.ru\/de\/services\/","title":{"rendered":"Dienstleistungen"},"content":{"rendered":"<p>[vc_row full_width=&#8221;stretch_row&#8221; css=&#8221;.vc_custom_1579420767104{margin-bottom: 24px !important;}&#8221;][vc_column][vc_column_text]<\/p>\n<h5>Im Einklang mit unserer hohen Qualit\u00e4tspolitik, die durch unsere Mission, Vision und Grundwerte gebildet wird, glauben wir auch an die enorme Bedeutung der Kundenzufriedenheit, die durch unsere Produkte und Dienstleistungen geschaffen wird.<\/h5>\n<p>Um Ihnen den bestm\u00f6glichen Service zu bieten, haben wir bei &#8220;<strong>First Alanya&#8221;<\/strong> unser Engagement f\u00fcr die Kundenzufriedenheit durch umfassende Strategien und Bem\u00fchungen zur Verbesserung der Kundenbeziehungsprozesse verst\u00e4rkt.[\/vc_column_text]<div class=\"mh-heading-wrapper--left \">\r\n\t\r\n        <div class=\"mh-heading-wrapper\">\r\n            <h4            class=\"mh-heading  mh-heading--bottom-separator   \"\r\n            style=\"font-weight:700;\">\r\n\t\t\tUnser Service f\u00fcr Sie!        <\/h4>\r\n\r\n\t\t    <\/div>\r\n\r\n\t<\/div>[vc_column_text]Wir bieten eine besondere Art von Service.<br \/>\nBei uns sind Sie in sicheren H\u00e4nden. Genie\u00dfen Sie Ihre kostbare Zeit. Was auch immer Sie brauchen, wir sind f\u00fcr Sie da.[\/vc_column_text][\/vc_column][\/vc_row][vc_row][vc_column width=&#8221;1\/3&#8243;]\n<div id=\"interactive-banner-1-wrap-4402\" class=\"ult-banner-block ult-adjust-bottom-margin ult-bb-box ult-banner-block-custom-height banner-style01 \"   style=\"height:240px;\">\n\t<img src=\"https:\/\/www.celiahomes.se\/wp-content\/uploads\/2020\/01\/tapu.jpg\" alt=\"null\">\n\t<h2  data-ultimate-target='#interactive-banner-1-wrap-4402 .bb-top-title '  data-responsive-json-new='{\"font-size\":\"\",\"line-height\":\"\"}'  class=\"title-left bb-top-title ult-responsive\" style=\"font-weight:normal;background:#242424;color:#ffffff;\">Tapu (Eigentumsurkunde)<\/h2>\n\t<div class=\"mask opaque-background\" style=\"background:#dd9933;\">\n\t\t<div  data-ultimate-target='#interactive-banner-1-wrap-4402 .bb-description'  data-responsive-json-new='{\"font-size\":\"\",\"line-height\":\"\"}'  class=\"bb-description ult-responsive\" style=\"font-weight:normal;color:#ffffff;\">Die gesetzliche Registrierung oder Tapu, wie es auf T\u00fcrkisch genannt wird, ist eine offizielle Registrierung eines Immobilienerwerbs und der einzige Beweis daf\u00fcr, dass Sie der Eigent\u00fcmer der Immobilie sind, die Sie kaufen.<\/div>\n\t<\/div><a class=\"bb-link\" href=\"\/de\/services\/tapu-title-deed\/\" title=\"Tapu (Title deed)\" ><\/a>\n<\/div>[\/vc_column][vc_column width=&#8221;1\/3&#8243;]\n<div id=\"interactive-banner-1-wrap-7641\" class=\"ult-banner-block ult-adjust-bottom-margin ult-bb-box ult-banner-block-custom-height banner-style01 \"   style=\"height:240px;\">\n\t<img src=\"https:\/\/www.celiahomes.se\/wp-content\/uploads\/2020\/01\/service_after_sale.jpg\" alt=\"null\">\n\t<h2  data-ultimate-target='#interactive-banner-1-wrap-7641 .bb-top-title '  data-responsive-json-new='{\"font-size\":\"\",\"line-height\":\"\"}'  class=\"title-left bb-top-title ult-responsive\" style=\"font-weight:normal;background:#242424;color:#ffffff;\">Nach dem Kauf Ihres Hauses in der T\u00fcrkei<\/h2>\n\t<div class=\"mask opaque-background\" style=\"background:#dd9933;\">\n\t\t<div  data-ultimate-target='#interactive-banner-1-wrap-7641 .bb-description'  data-responsive-json-new='{\"font-size\":\"\",\"line-height\":\"\"}'  class=\"bb-description ult-responsive\" style=\"font-weight:normal;color:#ffffff;\">Bei ``First Alanya`` glauben wir, dass Kundenservice nicht nur Teil unseres Gesch\u00e4fts ist, sondern Service unsere Aufgabe ist.<\/div>\n\t<\/div><a class=\"bb-link\" href=\"\/de\/services\/after-you-bought-your-home-in-turkey\/\" title=\"After you bought your home in Turkey\" ><\/a>\n<\/div>[\/vc_column][vc_column width=&#8221;1\/3&#8243;]\n<div id=\"interactive-banner-1-wrap-9248\" class=\"ult-banner-block ult-adjust-bottom-margin ult-bb-box ult-banner-block-custom-height banner-style01 \"   style=\"height:240px;\">\n\t<img src=\"https:\/\/www.celiahomes.se\/wp-content\/uploads\/2020\/01\/mobler.jpg\" alt=\"null\">\n\t<h2  data-ultimate-target='#interactive-banner-1-wrap-9248 .bb-top-title '  data-responsive-json-new='{\"font-size\":\"\",\"line-height\":\"\"}'  class=\"title-left bb-top-title ult-responsive\" style=\"font-weight:normal;background:#242424;color:#ffffff;\">M\u00f6bel und Interieur<\/h2>\n\t<div class=\"mask opaque-background\" style=\"background:#dd9933;\">\n\t\t<div  data-ultimate-target='#interactive-banner-1-wrap-9248 .bb-description'  data-responsive-json-new='{\"font-size\":\"\",\"line-height\":\"\"}'  class=\"bb-description ult-responsive\" style=\"font-weight:normal;color:#ffffff;\">\u201eFirst Alanya\u201c hilft beim Kauf von M\u00f6beln und Einrichtungsgegenst\u00e4nden. Unser After-Sale-Team bringt Sie ohne Aufpreis zu ausgew\u00e4hlten Gesch\u00e4ften, die gute Qualit\u00e4t und guten Service bieten.<\/div>\n\t<\/div><a class=\"bb-link\" href=\"\/de\/services\/furniture-and-interior\/\" title=\"Furniture and Interior\" ><\/a>\n<\/div>[\/vc_column][\/vc_row][vc_row][vc_column][vc_empty_space][\/vc_column][\/vc_row]<\/p>","protected":false},"excerpt":{"rendered":"<p>[vc_row full_width=&#8221;stretch_row&#8221; css=&#8221;.vc_custom_1579420767104{margin-bottom: 24px !important;}&#8221;][vc_column][vc_column_text] Im Einklang mit unserer hohen Qualit\u00e4tspolitik, die durch unsere Mission, Vision und Grundwerte gebildet wird, glauben wir auch an die enorme Bedeutung der Kundenzufriedenheit, die durch unsere Produkte und Dienstleistungen geschaffen wird. Um Ihnen den bestm\u00f6glichen Service zu bieten, haben wir bei &#8220;First Alanya&#8221; unser Engagement f\u00fcr die Kundenzufriedenheit durch [&hellip;]<\/p>\n","protected":false},"author":1,"featured_media":0,"parent":0,"menu_order":0,"comment_status":"closed","ping_status":"closed","template":"page_full-width-with-top-title.php","meta":[],"_links":{"self":[{"href":"https:\/\/firstalanya.ru\/de\/wp-json\/wp\/v2\/pages\/2676"}],"collection":[{"href":"https:\/\/firstalanya.ru\/de\/wp-json\/wp\/v2\/pages"}],"about":[{"href":"https:\/\/firstalanya.ru\/de\/wp-json\/wp\/v2\/types\/page"}],"author":[{"embeddable":true,"href":"https:\/\/firstalanya.ru\/de\/wp-json\/wp\/v2\/users\/1"}],"replies":[{"embeddable":true,"href":"https:\/\/firstalanya.ru\/de\/wp-json\/wp\/v2\/comments?post=2676"}],"version-history":[{"count":4,"href":"https:\/\/firstalanya.ru\/de\/wp-json\/wp\/v2\/pages\/2676\/revisions"}],"predecessor-version":[{"id":15108,"href":"https:\/\/firstalanya.ru\/de\/wp-json\/wp\/v2\/pages\/2676\/revisions\/15108"}],"wp:attachment":[{"href":"https:\/\/firstalanya.ru\/de\/wp-json\/wp\/v2\/media?parent=2676"}],"curies":[{"name":"wp","href":"https:\/\/api.w.org\/{rel}","templated":true}]}}