{"id":1961,"date":"2017-09-27T17:26:13","date_gmt":"2017-09-27T14:26:13","guid":{"rendered":"http:\/\/export-1.test-tangibledesign.net\/?page_id=1961"},"modified":"2022-09-15T15:46:16","modified_gmt":"2022-09-15T12:46:16","slug":"furniture-and-interior","status":"publish","type":"page","link":"https:\/\/firstalanya.ru\/de\/services\/furniture-and-interior\/","title":{"rendered":"M\u00f6bel und Interieur"},"content":{"rendered":"<p>[vc_row][vc_column width=&#8221;1\/3&#8243;][vc_single_image image=&#8221;61&#8243; img_size=&#8221;large&#8221; onclick=&#8221;link_image&#8221;][\/vc_column][vc_column width=&#8221;2\/3&#8243;][vc_column_text]Nun, Sie sind Eigent\u00fcmer von Immobilien in Alanya geworden.<br \/>\nJetzt besch\u00e4ftigen sich Ihre Gedanken mit der Einrichtung, wie Sie Ihrem Haus \/ Ihrer Wohnung am Mittelmeer Gem\u00fctlichkeit und Komfort verleihen k\u00f6nnen.[\/vc_column_text][\/vc_column][\/vc_row][vc_row][vc_column][vc_column_text]Gerne unterst\u00fctzen wir Sie bei der Gestaltung Ihrer neuen Immobilie.<br \/>\nIn unserem Ausstellungszentrum finden Sie Beispiele f\u00fcr den Innenausbau, wir beraten Sie gerne zu kompetenten M\u00f6belfirmen, die sich mit Beratung, M\u00f6belherstellung und Innenausbau f\u00fcr Ihr Haus \/ Ihre Wohnung befassen.<br \/>\nSie w\u00e4hlen, was Ihnen gef\u00e4llt, und wir sorgen daf\u00fcr, dass alles fehlerfrei und p\u00fcnktlich erledigt wird.<br \/>\nIn Alanya gibt es gen\u00fcgend M\u00f6glichkeiten, eine neue Wohnung\/Haus f\u00fcr unterschiedliche Geschm\u00e4cker und Geldbeutel auszustatten.<br \/>\nNeben zahlreichen M\u00f6belgesch\u00e4ften in Alanya gibt es ein Bestellb\u00fcro des weltber\u00fchmten IKEA-Hauses.<br \/>\nWir organisieren auch Personal f\u00fcr die Reinigung Ihres Hauses f\u00fcr nur 50 Euro, Apartments &#8211; f\u00fcr 30 Euro.[\/vc_column_text][\/vc_column][\/vc_row]<\/p>","protected":false},"excerpt":{"rendered":"<p>[vc_row][vc_column width=&#8221;1\/3&#8243;][vc_single_image image=&#8221;61&#8243; img_size=&#8221;large&#8221; onclick=&#8221;link_image&#8221;][\/vc_column][vc_column width=&#8221;2\/3&#8243;][vc_column_text]Nun, Sie sind Eigent\u00fcmer von Immobilien in Alanya geworden. Jetzt besch\u00e4ftigen sich Ihre Gedanken mit der Einrichtung, wie Sie Ihrem Haus \/ Ihrer Wohnung am Mittelmeer Gem\u00fctlichkeit und Komfort verleihen k\u00f6nnen.[\/vc_column_text][\/vc_column][\/vc_row][vc_row][vc_column][vc_column_text]Gerne unterst\u00fctzen wir Sie bei der Gestaltung Ihrer neuen Immobilie. In unserem Ausstellungszentrum finden Sie Beispiele f\u00fcr den Innenausbau, wir [&hellip;]<\/p>\n","protected":false},"author":1,"featured_media":0,"parent":2676,"menu_order":0,"comment_status":"closed","ping_status":"closed","template":"page_right-sidebar-with-top-title.php","meta":[],"_links":{"self":[{"href":"https:\/\/firstalanya.ru\/de\/wp-json\/wp\/v2\/pages\/1961"}],"collection":[{"href":"https:\/\/firstalanya.ru\/de\/wp-json\/wp\/v2\/pages"}],"about":[{"href":"https:\/\/firstalanya.ru\/de\/wp-json\/wp\/v2\/types\/page"}],"author":[{"embeddable":true,"href":"https:\/\/firstalanya.ru\/de\/wp-json\/wp\/v2\/users\/1"}],"replies":[{"embeddable":true,"href":"https:\/\/firstalanya.ru\/de\/wp-json\/wp\/v2\/comments?post=1961"}],"version-history":[{"count":4,"href":"https:\/\/firstalanya.ru\/de\/wp-json\/wp\/v2\/pages\/1961\/revisions"}],"predecessor-version":[{"id":15106,"href":"https:\/\/firstalanya.ru\/de\/wp-json\/wp\/v2\/pages\/1961\/revisions\/15106"}],"up":[{"embeddable":true,"href":"https:\/\/firstalanya.ru\/de\/wp-json\/wp\/v2\/pages\/2676"}],"wp:attachment":[{"href":"https:\/\/firstalanya.ru\/de\/wp-json\/wp\/v2\/media?parent=1961"}],"curies":[{"name":"wp","href":"https:\/\/api.w.org\/{rel}","templated":true}]}}