{"id":1719,"date":"2017-05-05T15:22:08","date_gmt":"2017-05-05T15:22:08","guid":{"rendered":"http:\/\/export-1.test-tangibledesign.net\/?page_id=1719"},"modified":"2024-12-17T20:18:06","modified_gmt":"2024-12-17T17:18:06","slug":"about-us","status":"publish","type":"page","link":"https:\/\/firstalanya.ru\/de\/about-us\/","title":{"rendered":"\u00dcber uns"},"content":{"rendered":"<p>[vc_row][vc_column css=&#8221;.vc_custom_1512407858131{padding-top: 12px !important;padding-bottom: 24px !important;}&#8221;]<div class=\"mh-heading-wrapper--left \">\r\n\t\r\n        <div class=\"mh-heading-wrapper\">\r\n            <h3            class=\"mh-heading  mh-heading--bottom-separator    vc_custom_1663245117716\"\r\n            style=\"font-weight:700;\">\r\n\t\t\t\u00dcBER UNSERE FIRMA        <\/h3>\r\n\r\n\t\t    <\/div>\r\n\r\n\t<\/div>[vc_column_text]First Alanya ist ein neues Joint Venture an der t\u00fcrkischen Riviera, das lokale und internationale Fachleute zusammenbringt, um ein neues Konzept f\u00fcr die Vermarktung von Immobilien zu entwickeln.<\/p>\n<p>Zwei professionelle Unternehmen auf nationaler Ebene haben sich zu einem Team mit internationalen Experten zusammengeschlossen, um einen optimalen Service zu schaffen, der denjenigen, die am Kauf von Immobilien in der T\u00fcrkei interessiert sind, umfassendes theoretisches Wissen, praktische F\u00e4higkeiten und Erfahrungen im Immobiliensektor bietet. Unser Team verf\u00fcgt \u00fcber aktuelle Informationen zum t\u00fcrkischen Immobilienmarkt, Kenntnisse der Feinheiten der t\u00fcrkischen Gesetzgebung sowie langj\u00e4hrige Erfahrung in der Vermarktung und Finanzierung sowohl in der T\u00fcrkei als auch in europ\u00e4ischen L\u00e4ndern.<\/p>\n<p>Durch die Zusammenarbeit mit sorgf\u00e4ltig ausgew\u00e4hlten Banken, Versicherungen und Anwaltskanzleien k\u00f6nnen wir sicherstellen, dass unsere Kunden Transaktionen fehlerfrei durchf\u00fchren k\u00f6nnen und Vertrauen in alle wichtigen Aspekte der Gesch\u00e4ftst\u00e4tigkeit haben.<br \/>\nDas Konzept unseres Unternehmens basiert auf einer umfassenden Studie des t\u00fcrkischen Immobilienmarktes, einer detaillierten Untersuchung der Nachfrage und W\u00fcnsche von Investoren und der gesammelten Erfahrung von einwandfreien Transaktionen in der Region.<br \/>\nWir beraten und begleiten Sie ausf\u00fchrlich auf dem Weg zu Ihrer Traumimmobilie in Ihrer Muttersprache.<br \/>\nWir freuen uns auf eine langfristige Zusammenarbeit mit Ihnen!<\/p>\n<p><strong>Natalia Prima<\/strong><br \/>\nDirektor[\/vc_column_text][\/vc_column][\/vc_row][vc_row full_width=&#8221;stretch_row&#8221; css=&#8221;.vc_custom_1494609476686{background-color: #f4f4f4 !important;}&#8221;][vc_column css=&#8221;.vc_custom_1494333765775{padding-top: 39px !important;padding-bottom: 24px !important;}&#8221;]<div class=\"mh-heading-wrapper--left \">\r\n\t\r\n        <div class=\"mh-heading-wrapper\">\r\n            <h3            class=\"mh-heading  mh-heading--bottom-separator   \"\r\n            style=\"font-weight:700;\">\r\n\t\t\tTriff das Team!        <\/h3>\r\n\r\n\t\t    <\/div>\r\n\r\n\t<\/div>\n\t<div class=\"mh-agent-list\">\n\n\t\t\t\t\t<div class=\"mh-agent-list__element\">\n\t\t\t\t<article class=\"mh-agent mh-agent--white\">\n\t\t\t\t\t<div\n\t\t\t\t\t   class=\"mh-agent__thumbnail\" title=\"Oscar Ercan\">\n\t\t\t\t\t\t\t\t<img\r\n\t\t\t\t\t\t\tdata-srcset=\"https:\/\/firstalanya.ru\/wp-content\/uploads\/2024\/12\/oscar-ercan-100x100.jpg 100w, https:\/\/firstalanya.ru\/wp-content\/uploads\/2024\/12\/oscar-ercan-150x150.jpg 150w, https:\/\/firstalanya.ru\/wp-content\/uploads\/2024\/12\/oscar-ercan-200x200.jpg 200w\"\r\n\t\t\t\tclass=\"lazyload \"\r\n\t\t\t\tdata-sizes=\"auto\"\r\n\t\t\t\t\t\talt=\"Oscar Ercan\"\r\n\t\t>\r\n\t\t\t\t\t\t\t<\/div>\n\n\t\t\t\t\t<div class=\"mh-agent__content\">\n\t\t\t\t\t\t<h3 class=\"mh-agent__heading\">Oscar Ercan<\/h3>\n\n\t\t\t\t\t\t\t\t\t\t\t\t\t\t\t\t\t\t\t\n\t\t\t\t\t\t\t\t\t\t\t\t\t<div class=\"mh-agent__additional-fields\">\n\t\t\t\t\t\t\t\t\t\t\t\t\t\t\t\t\t\t\t\t\t\t\t\t\t\t<div class=\"mh-agent__additional-fields__item\">\n                                        <strong>Kampagnenmanager<\/strong>\t\t\t\t\t\t\t\t\t<\/div>\n\t\t\t\t\t\t\t\t\t\t\t\t\t\t\t<\/div>\n\t\t\t\t\t\t\n\t\t\t\t\t\t<div class=\"mh-agent-contact\">\n\t\t\t\t\t\t\t\t\t\t\t\t\t\t\t\t\t\t\t\t\t\t\t\t<div class=\"mh-agent-contact__element\">\n\t\t\t\t\t\t\t\t\t\t<a href=\"mailto:oscar@firstalanya.ru\">\n\t\t\t\t\t\t\t\t\t\t\t<i class=\"flaticon-mail-2\"><\/i>\n\t\t\t\t\t\t\t\t\t\t\toscar@firstalanya.ru\t\t\t\t\t\t\t\t\t\t<\/a>\n\t\t\t\t\t\t\t\t\t<\/div>\n\t\t\t\t\t\t\t\t\t\t\t\t\t\t\t\n\t\t\t\t\t\t\t\t\t\t\t\t\t\t\t\t\t\t\t\t\t\t\t\t<div class=\"mh-agent-contact__element\">\n\t\t\t\t\t\t\t\t\t\t<a href=\"tel:+17809011663\">\n\t\t\t\t\t\t\t\t\t\t\t<i class=\"flaticon-phone\"><\/i>\n\t\t\t\t\t\t\t\t\t\t\t+1 (780) 901-1663\t\t\t\t\t\t\t\t\t\t<\/a>\n\t\t\t\t\t\t\t\t\t<\/div>\n\t\t\t\t\t\t\t\t\t\t\t\t\t\t\t\t\t\t\t\t\t<\/div>\n\n\t\t\t\t\t\t\t\t\t\t\t\t\t<div class=\"mh-agent__social-wrapper\">\n\t\t\t\t\t\t\t\t<div class=\"mh-agent__social\">\n\t\t\t\t\t\t\t\t\t\t\t\t\t\t\t\t\t\t\t<a href=\"https:\/\/wa.me\/905373037672\"\n\t\t\t\t\t\t\t\t\t\t   title=\"\"\n\t\t\t\t\t\t\t\t\t\t   target=\"_blank\">\n\t\t\t\t\t\t\t\t\t\t\t<i class=\"fa fa-fa-whatsapp\"><\/i>\n\t\t\t\t\t\t\t\t\t\t<\/a>\n\t\t\t\t\t\t\t\t\t\t\t\t\t\t\t\t\t\t\t<a href=\"https:\/\/www.facebook.com\/tony.era.7\"\n\t\t\t\t\t\t\t\t\t\t   title=\"\"\n\t\t\t\t\t\t\t\t\t\t   target=\"_blank\">\n\t\t\t\t\t\t\t\t\t\t\t<i class=\"fa fa-fa-facebook\"><\/i>\n\t\t\t\t\t\t\t\t\t\t<\/a>\n\t\t\t\t\t\t\t\t\t\t\t\t\t\t\t\t\t\t\t<a href=\"https:\/\/twitter.com\"\n\t\t\t\t\t\t\t\t\t\t   title=\"\"\n\t\t\t\t\t\t\t\t\t\t   target=\"_blank\">\n\t\t\t\t\t\t\t\t\t\t\t<i class=\"fa fa-fa-twitter\"><\/i>\n\t\t\t\t\t\t\t\t\t\t<\/a>\n\t\t\t\t\t\t\t\t\t\t\t\t\t\t\t\t\t\t\t<a href=\"https:\/\/www.instagram.com\/firstalanya_property\"\n\t\t\t\t\t\t\t\t\t\t   title=\"\"\n\t\t\t\t\t\t\t\t\t\t   target=\"_blank\">\n\t\t\t\t\t\t\t\t\t\t\t<i class=\"fa fa-fa-instagram\"><\/i>\n\t\t\t\t\t\t\t\t\t\t<\/a>\n\t\t\t\t\t\t\t\t\t\t\t\t\t\t\t\t\t<\/div>\n\t\t\t\t\t\t\t<\/div>\n\t\t\t\t\t\t\n\t\t\t\t\t\t\t\t\t\t\t<\/div>\n\t\t\t\t<\/article>\n\t\t\t<\/div>\n\n\t\t\t\t\t<div class=\"mh-agent-list__element\">\n\t\t\t\t<article class=\"mh-agent mh-agent--white\">\n\t\t\t\t\t<div\n\t\t\t\t\t   class=\"mh-agent__thumbnail\" title=\"\u041d\u0430\u0442\u0430\u043b\u0438\u044f \u041f\u0440\u0438\u043c\u0430\">\n\t\t\t\t\t\t\t\t<img\r\n\t\t\t\t\t\t\tdata-srcset=\"https:\/\/firstalanya.ru\/wp-content\/uploads\/2020\/12\/35e13fe7-eec9-4996-a40e-6594d03c95fc-1-100x100.jpg 100w, https:\/\/firstalanya.ru\/wp-content\/uploads\/2020\/12\/35e13fe7-eec9-4996-a40e-6594d03c95fc-1-150x150.jpg 150w, https:\/\/firstalanya.ru\/wp-content\/uploads\/2020\/12\/35e13fe7-eec9-4996-a40e-6594d03c95fc-1-400x400.jpg 400w, https:\/\/firstalanya.ru\/wp-content\/uploads\/2020\/12\/35e13fe7-eec9-4996-a40e-6594d03c95fc-1-200x200.jpg 200w\"\r\n\t\t\t\tclass=\"lazyload \"\r\n\t\t\t\tdata-sizes=\"auto\"\r\n\t\t\t\t\t\talt=\"\u041d\u0430\u0442\u0430\u043b\u0438\u044f \u041f\u0440\u0438\u043c\u0430\"\r\n\t\t>\r\n\t\t\t\t\t\t\t<\/div>\n\n\t\t\t\t\t<div class=\"mh-agent__content\">\n\t\t\t\t\t\t<h3 class=\"mh-agent__heading\">\u041d\u0430\u0442\u0430\u043b\u0438\u044f \u041f\u0440\u0438\u043c\u0430<\/h3>\n\n\t\t\t\t\t\t\t\t\t\t\t\t\t\t\t\t\t\t\t\n\t\t\t\t\t\t\t\t\t\t\t\t\t<div class=\"mh-agent__additional-fields\">\n\t\t\t\t\t\t\t\t\t\t\t\t\t\t\t\t\t\t\t\t\t\t\t\t\t\t<div class=\"mh-agent__additional-fields__item\">\n                                        <strong>Direktorin<\/strong>\t\t\t\t\t\t\t\t\t<\/div>\n\t\t\t\t\t\t\t\t\t\t\t\t\t\t\t<\/div>\n\t\t\t\t\t\t\n\t\t\t\t\t\t<div class=\"mh-agent-contact\">\n\t\t\t\t\t\t\t\t\t\t\t\t\t\t\t\t\t\t\t\t\t\t\t\t<div class=\"mh-agent-contact__element\">\n\t\t\t\t\t\t\t\t\t\t<a href=\"mailto:nataliia@firstalanya.ru\">\n\t\t\t\t\t\t\t\t\t\t\t<i class=\"flaticon-mail-2\"><\/i>\n\t\t\t\t\t\t\t\t\t\t\tnataliia@firstalanya.ru\t\t\t\t\t\t\t\t\t\t<\/a>\n\t\t\t\t\t\t\t\t\t<\/div>\n\t\t\t\t\t\t\t\t\t\t\t\t\t\t\t\n\t\t\t\t\t\t\t\t\t\t\t\t\t\t\t\t\t\t\t\t\t\t\t\t<div class=\"mh-agent-contact__element\">\n\t\t\t\t\t\t\t\t\t\t<a href=\"tel:+905419731472\">\n\t\t\t\t\t\t\t\t\t\t\t<i class=\"flaticon-phone\"><\/i>\n\t\t\t\t\t\t\t\t\t\t\t+90 541 973 14 72\t\t\t\t\t\t\t\t\t\t<\/a>\n\t\t\t\t\t\t\t\t\t<\/div>\n\t\t\t\t\t\t\t\t\t\t\t\t\t\t\t\t\t\t\t\t\t<\/div>\n\n\t\t\t\t\t\t\t\t\t\t\t\t\t<div class=\"mh-agent__social-wrapper\">\n\t\t\t\t\t\t\t\t<div class=\"mh-agent__social\">\n\t\t\t\t\t\t\t\t\t\t\t\t\t\t\t\t\t\t\t<a href=\"https:\/\/wa.me\/905419731472\"\n\t\t\t\t\t\t\t\t\t\t   title=\"\"\n\t\t\t\t\t\t\t\t\t\t   target=\"_blank\">\n\t\t\t\t\t\t\t\t\t\t\t<i class=\"fa fa-fa-whatsapp\"><\/i>\n\t\t\t\t\t\t\t\t\t\t<\/a>\n\t\t\t\t\t\t\t\t\t\t\t\t\t\t\t\t\t\t\t<a href=\"https:\/\/telegram.me\/\"\n\t\t\t\t\t\t\t\t\t\t   title=\"\"\n\t\t\t\t\t\t\t\t\t\t   target=\"_blank\">\n\t\t\t\t\t\t\t\t\t\t\t<i class=\"fa fa-fa-telegram\"><\/i>\n\t\t\t\t\t\t\t\t\t\t<\/a>\n\t\t\t\t\t\t\t\t\t\t\t\t\t\t\t\t\t\t\t<a href=\"https:\/\/facebook.com\/nataliia.ercan\"\n\t\t\t\t\t\t\t\t\t\t   title=\"\"\n\t\t\t\t\t\t\t\t\t\t   target=\"_blank\">\n\t\t\t\t\t\t\t\t\t\t\t<i class=\"fa fa-fa-facebook\"><\/i>\n\t\t\t\t\t\t\t\t\t\t<\/a>\n\t\t\t\t\t\t\t\t\t\t\t\t\t\t\t\t\t\t\t<a href=\"https:\/\/twitter.com\"\n\t\t\t\t\t\t\t\t\t\t   title=\"\"\n\t\t\t\t\t\t\t\t\t\t   target=\"_blank\">\n\t\t\t\t\t\t\t\t\t\t\t<i class=\"fa fa-fa-twitter\"><\/i>\n\t\t\t\t\t\t\t\t\t\t<\/a>\n\t\t\t\t\t\t\t\t\t\t\t\t\t\t\t\t\t\t\t<a href=\"https:\/\/instagram.com\/nataliia_prima\"\n\t\t\t\t\t\t\t\t\t\t   title=\"\"\n\t\t\t\t\t\t\t\t\t\t   target=\"_blank\">\n\t\t\t\t\t\t\t\t\t\t\t<i class=\"fa fa-fa-instagram\"><\/i>\n\t\t\t\t\t\t\t\t\t\t<\/a>\n\t\t\t\t\t\t\t\t\t\t\t\t\t\t\t\t\t<\/div>\n\t\t\t\t\t\t\t<\/div>\n\t\t\t\t\t\t\n\t\t\t\t\t\t\t\t\t\t\t<\/div>\n\t\t\t\t<\/article>\n\t\t\t<\/div>\n\n\t\t\t<\/div>\n\n[\/vc_column][\/vc_row][vc_row][vc_column css=&#8221;.vc_custom_1494333727302{padding-top: 39px !important;padding-bottom: 24px !important;}&#8221;]<div class=\" \">\r\n\t\r\n        <div class=\"mh-heading-wrapper\">\r\n            <h4            class=\"mh-heading  mh-heading--bottom-separator    vc_custom_1663245091044\"\r\n            style=\"font-weight:700;\">\r\n\t\t\tUnsere Gesch\u00e4ftspartner        <\/h4>\r\n\r\n\t\t    <\/div>\r\n\r\n\t<\/div>\t<div class=\"owl-carousel mh-clients owl-carousel--visible-5  \">\r\n\t\t\t\t\t<div class=\"item\">\r\n\t\t\t\t<div class=\"mh-client\">\r\n\t\t\t\t\t\t\t\t\t\t<a href=\"http:\/\/garanti.com.tr\/\" title=\"Garanti BBVA\"\r\n\t\t\t\t\t   target=\"_blank\">\r\n\t\t\t\t\t\t<img width=\"324\" height=\"56\" src=\"https:\/\/firstalanya.ru\/wp-content\/uploads\/2017\/02\/garantibbva-logo.png\" class=\"attachment-full size-full wp-post-image\" alt=\"\" loading=\"lazy\" srcset=\"https:\/\/firstalanya.ru\/wp-content\/uploads\/2017\/02\/garantibbva-logo.png 324w, https:\/\/firstalanya.ru\/wp-content\/uploads\/2017\/02\/garantibbva-logo-300x52.png 300w\" sizes=\"(max-width: 324px) 100vw, 324px\" \/>\t\t\t\t\t<\/a>\r\n\t\t\t\t\t\t\t\t<\/div>\r\n\t\t\t<\/div>\r\n\t\t\t\t\t<div class=\"item\">\r\n\t\t\t\t<div class=\"mh-client\">\r\n\t\t\t\t\t\t\t\t\t\t<a href=\"http:\/\/www.mixxtravel.com\/\" title=\"Mixx Travel\"\r\n\t\t\t\t\t   target=\"_blank\">\r\n\t\t\t\t\t\t<img width=\"324\" height=\"56\" src=\"https:\/\/firstalanya.ru\/wp-content\/uploads\/2017\/02\/mixx-travel.png\" class=\"attachment-full size-full wp-post-image\" alt=\"\" loading=\"lazy\" srcset=\"https:\/\/firstalanya.ru\/wp-content\/uploads\/2017\/02\/mixx-travel.png 324w, https:\/\/firstalanya.ru\/wp-content\/uploads\/2017\/02\/mixx-travel-300x52.png 300w\" sizes=\"(max-width: 324px) 100vw, 324px\" \/>\t\t\t\t\t<\/a>\r\n\t\t\t\t\t\t\t\t<\/div>\r\n\t\t\t<\/div>\r\n\t\t\t\t\t<div class=\"item\">\r\n\t\t\t\t<div class=\"mh-client\">\r\n\t\t\t\t\t\t\t\t\t\t<a href=\"https:\/\/www.kamburoglu.com.tr\/\" title=\"Kamburoglu\"\r\n\t\t\t\t\t   target=\"_blank\">\r\n\t\t\t\t\t\t<img width=\"324\" height=\"56\" src=\"https:\/\/firstalanya.ru\/wp-content\/uploads\/2017\/02\/kamburoglu.png\" class=\"attachment-full size-full wp-post-image\" alt=\"\" loading=\"lazy\" srcset=\"https:\/\/firstalanya.ru\/wp-content\/uploads\/2017\/02\/kamburoglu.png 324w, https:\/\/firstalanya.ru\/wp-content\/uploads\/2017\/02\/kamburoglu-300x52.png 300w\" sizes=\"(max-width: 324px) 100vw, 324px\" \/>\t\t\t\t\t<\/a>\r\n\t\t\t\t\t\t\t\t<\/div>\r\n\t\t\t<\/div>\r\n\t\t\t\t\t<div class=\"item\">\r\n\t\t\t\t<div class=\"mh-client\">\r\n\t\t\t\t\t\t\t\t\t\t<a href=\"https:\/\/www.enzahome.com.tr\/\" title=\"Enza Home\"\r\n\t\t\t\t\t   target=\"_blank\">\r\n\t\t\t\t\t\t<img width=\"324\" height=\"56\" src=\"https:\/\/firstalanya.ru\/wp-content\/uploads\/2017\/02\/enza-logo.png\" class=\"attachment-full size-full wp-post-image\" alt=\"\" loading=\"lazy\" srcset=\"https:\/\/firstalanya.ru\/wp-content\/uploads\/2017\/02\/enza-logo.png 324w, https:\/\/firstalanya.ru\/wp-content\/uploads\/2017\/02\/enza-logo-300x52.png 300w\" sizes=\"(max-width: 324px) 100vw, 324px\" \/>\t\t\t\t\t<\/a>\r\n\t\t\t\t\t\t\t\t<\/div>\r\n\t\t\t<\/div>\r\n\t\t\t\t\t<div class=\"item\">\r\n\t\t\t\t<div class=\"mh-client\">\r\n\t\t\t\t\t\t\t\t\t\t<a href=\"http:\/\/www.leartes.net\" title=\"Leartes.NET\"\r\n\t\t\t\t\t   target=\"_blank\">\r\n\t\t\t\t\t\t<img width=\"324\" height=\"56\" src=\"https:\/\/firstalanya.ru\/wp-content\/uploads\/2017\/02\/logo-leartes_net.png\" class=\"attachment-full size-full wp-post-image\" alt=\"\" loading=\"lazy\" srcset=\"https:\/\/firstalanya.ru\/wp-content\/uploads\/2017\/02\/logo-leartes_net.png 324w, https:\/\/firstalanya.ru\/wp-content\/uploads\/2017\/02\/logo-leartes_net-300x52.png 300w\" sizes=\"(max-width: 324px) 100vw, 324px\" \/>\t\t\t\t\t<\/a>\r\n\t\t\t\t\t\t\t\t<\/div>\r\n\t\t\t<\/div>\r\n\t\t\t<\/div>\r\n[\/vc_column][\/vc_row]<\/p>","protected":false},"excerpt":{"rendered":"<p>[vc_row][vc_column css=&#8221;.vc_custom_1512407858131{padding-top: 12px !important;padding-bottom: 24px !important;}&#8221;][vc_column_text]First Alanya ist ein neues Joint Venture an der t\u00fcrkischen Riviera, das lokale und internationale Fachleute zusammenbringt, um ein neues Konzept f\u00fcr die Vermarktung von Immobilien zu entwickeln. Zwei professionelle Unternehmen auf nationaler Ebene haben sich zu einem Team mit internationalen Experten zusammengeschlossen, um einen optimalen Service zu schaffen, der [&hellip;]<\/p>\n","protected":false},"author":1,"featured_media":0,"parent":0,"menu_order":0,"comment_status":"closed","ping_status":"closed","template":"page_full-width-with-top-title.php","meta":[],"_links":{"self":[{"href":"https:\/\/firstalanya.ru\/de\/wp-json\/wp\/v2\/pages\/1719"}],"collection":[{"href":"https:\/\/firstalanya.ru\/de\/wp-json\/wp\/v2\/pages"}],"about":[{"href":"https:\/\/firstalanya.ru\/de\/wp-json\/wp\/v2\/types\/page"}],"author":[{"embeddable":true,"href":"https:\/\/firstalanya.ru\/de\/wp-json\/wp\/v2\/users\/1"}],"replies":[{"embeddable":true,"href":"https:\/\/firstalanya.ru\/de\/wp-json\/wp\/v2\/comments?post=1719"}],"version-history":[{"count":4,"href":"https:\/\/firstalanya.ru\/de\/wp-json\/wp\/v2\/pages\/1719\/revisions"}],"predecessor-version":[{"id":19650,"href":"https:\/\/firstalanya.ru\/de\/wp-json\/wp\/v2\/pages\/1719\/revisions\/19650"}],"wp:attachment":[{"href":"https:\/\/firstalanya.ru\/de\/wp-json\/wp\/v2\/media?parent=1719"}],"curies":[{"name":"wp","href":"https:\/\/api.w.org\/{rel}","templated":true}]}}